{"id":555,"date":"2025-11-24T17:19:05","date_gmt":"2025-11-24T17:19:05","guid":{"rendered":"https:\/\/espaciovip.shop\/?page_id=555"},"modified":"2026-03-10T16:23:25","modified_gmt":"2026-03-10T16:23:25","slug":"iniciar-sesion","status":"publish","type":"page","link":"https:\/\/espaciovip.shop\/en\/iniciar-sesion\/","title":{"rendered":"Iniciar sesi\u00f3n"},"content":{"rendered":"<section class=\"bde-section-555-104 bde-section\">\n  \n  \n\t\n\n\n\n<div class=\"section-container\"><div class=\"bde-div-555-105 bde-div\">\n  \n  \n\t\n\n\n\n<img decoding=\"async\" class=\"bde-image2-555-107 bde-image2\" src=\"https:\/\/espaciovip.shop\/wp-content\/uploads\/2025\/11\/IMG_2109.jpeg\" alt=\"dise\u00f1o de cejas y laminado de cejas puerto rico en sal\u00f3n de cejas profesional\" loading=\"lazy\" srcset=\"https:\/\/espaciovip.shop\/wp-content\/uploads\/2025\/11\/IMG_2109.jpeg 864w, https:\/\/espaciovip.shop\/wp-content\/uploads\/2025\/11\/IMG_2109-219x300.jpeg 219w, https:\/\/espaciovip.shop\/wp-content\/uploads\/2025\/11\/IMG_2109-747x1024.jpeg 747w, https:\/\/espaciovip.shop\/wp-content\/uploads\/2025\/11\/IMG_2109-768x1052.jpeg 768w, https:\/\/espaciovip.shop\/wp-content\/uploads\/2025\/11\/IMG_2109-9x12.jpeg 9w, https:\/\/espaciovip.shop\/wp-content\/uploads\/2025\/11\/IMG_2109-600x822.jpeg 600w\" sizes=\"(max-width: 864px) 100vw, 864px\">\n<\/div><div class=\"bde-div-555-106 bde-div\">\n  \n  \n\t\n\n\n\n<div class=\"bde-div-555-112 bde-div\">\n  \n  \n\t\n\n\n\n<h2 class=\"bde-heading-555-110 bde-heading\">\nInicia sesi\u00f3n\n<\/h2><div class=\"bde-text-555-111 bde-text\">\nHola, bienvenida\/o de nuevo. Usa el formulario a continuaci\u00f3n para iniciar sesi\u00f3n en tu cuenta.\n<\/div>\n<\/div><div class=\"bde-div-555-118 bde-div\">\n  \n  \n\t\n\n\n\n<div class=\"bde-login-form-555-108 bde-login-form\">\n\n<form id=\"108\" class=\"breakdance-form breakdance-form--vertical\" data-options=\"{&quot;slug&quot;:&quot;login&quot;,&quot;name&quot;:&quot;&quot;,&quot;ajaxUrl&quot;:&quot;https:\\\/\\\/espaciovip.shop\\\/wp-admin\\\/admin-ajax.php&quot;,&quot;clearOnSuccess&quot;:true,&quot;hideOnSuccess&quot;:false,&quot;successMessage&quot;:&quot;Iniciaste sesi\\u00f3n correctamente&quot;,&quot;errorMessage&quot;:&quot;Something went wrong.&quot;,&quot;redirect&quot;:true,&quot;redirectUrl&quot;:&quot;https:\\\/\\\/espaciovip.shop\\\/mi-cuenta\\\/&quot;,&quot;customJavaScript&quot;:&quot;&quot;,&quot;recaptcha&quot;:{&quot;key&quot;:&quot;&quot;,&quot;enabled&quot;:false},&quot;honeypot_enabled&quot;:false,&quot;popupsOnSuccess&quot;:[],&quot;popupsOnError&quot;:[]}\" data-steps=\"0\" >\n  \n  \n  \n<div class=\"breakdance-form-field breakdance-form-field--text\" >\n    \n    \n            <label class=\"breakdance-form-field__label\" for=\"user_login\">\n            Nombre de usuario o email<span class=\"breakdance-form-field__required\">*<\/span>\n        <\/label>\n    \n    <input\n    class=\"breakdance-form-field__input\"\n    id=\"user_login\"\n    aria-describedby=\"user_login\"\n    type=\"text\"\n    name=\"fields[user_login]\"\n    placeholder=\"\"\n    value=\"\"\n                \n        \n        \n    required\n    \n    \n    \n    \n    \n>\n\n\n    \n    \n<\/div>\n\n\n<div class=\"breakdance-form-field breakdance-form-field--password\" >\n    \n    \n            <label class=\"breakdance-form-field__label\" for=\"user_password\">\n            Contrase\u00f1a<span class=\"breakdance-form-field__required\">*<\/span>\n        <\/label>\n    \n    <input\n    class=\"breakdance-form-field__input\"\n    id=\"user_password\"\n    aria-describedby=\"user_password\"\n    type=\"password\"\n    name=\"fields[user_password]\"\n    placeholder=\"\"\n    value=\"\"\n                \n        \n        \n    required\n    \n    \n    \n    \n    \n>\n\n\n    \n    \n<\/div>\n\n\n<div class=\"breakdance-form-field breakdance-form-field--checkbox\" >\n    \n    \n    \n    <fieldset role=\"group\"\n    >\n          <div class=\"breakdance-form-checkbox\">\n          <input\n              type=\"checkbox\"\n              name=\"fields[remember]\"\n              value=\"1\"\n              id=\"remember-1\"\n              \n              \n                        >\n          <label class=\"breakdance-form-checkbox__text\" for=\"remember-1\">Recu\u00e9rdame<\/label>\n      <\/div>\n  <\/fieldset>\n\n\n\n    <a class=\"breakdance-form-link breakdance-form-link--password\" href=\"https:\/\/espaciovip.shop\/restablecer-contrasena\/\">\u00bfOlvidaste tu contrase\u00f1a?<\/a>\n    \n<\/div><div class=\"breakdance-form-field breakdance-form-footer\">    \n    \n    \n    \n    \n            \n            <button type=\"submit\" class=\"button-atom button-atom--primary breakdance-form-button breakdance-form-button__submit\"  >\n    \n        <span class=\"button-atom__text\">Inicia sesi\u00f3n<\/span>\n\n        \n        \n            <\/button>\n    \n    <input type=\"hidden\" name=\"form_id\" value=\"108\">\n    <input type=\"hidden\" name=\"post_id\" value=\"555\">\n<\/div>\n\n  \n<\/form>\n\n<\/div><div class=\"bde-div-555-114 bde-div\">\n  \n  \n\t\n\n\n\n<div class=\"bde-text-555-116 bde-text\">\n\u00bfNo tienes cuenta?\n<\/div><a class=\"bde-text-link-555-117 bde-text-link breakdance-link\" href=\"https:\/\/espaciovip.shop\/registro\/\" target=\"_self\" data-type=\"url\">\n  Haz clic aqu\u00ed\n\n<\/a>\n<\/div>\n<\/div>\n<\/div><\/div>\n<\/section>","protected":false},"excerpt":{"rendered":"<p>Inicia sesi\u00f3n Hola, bienvenida\/o de nuevo. Usa el formulario a continuaci\u00f3n para iniciar sesi\u00f3n en tu cuenta. Nombre de usuario o email* Contrase\u00f1a* Recu\u00e9rdame \u00bfOlvidaste tu contrase\u00f1a? Inicia sesi\u00f3n \u00bfNo tienes cuenta? Haz clic aqu\u00ed<\/p>","protected":false},"author":1,"featured_media":0,"parent":0,"menu_order":0,"comment_status":"closed","ping_status":"closed","template":"","meta":{"_breakdance_hide_in_design_set":false,"_breakdance_tags":"","footnotes":""},"class_list":["post-555","page","type-page","status-publish","hentry"],"yoast_head":"<!-- This site is optimized with the Yoast SEO plugin v27.4 - https:\/\/yoast.com\/product\/yoast-seo-wordpress\/ -->\n<title>Iniciar sesi\u00f3n - Espacio VIP Studio<\/title>\n<meta name=\"robots\" content=\"noindex, nofollow\" \/>\n<meta property=\"og:locale\" content=\"en_US\" \/>\n<meta property=\"og:type\" content=\"article\" \/>\n<meta property=\"og:title\" content=\"Iniciar sesi\u00f3n - Espacio VIP Studio\" \/>\n<meta property=\"og:description\" content=\"Inicia sesi\u00f3n Hola, bienvenida\/o de nuevo. Usa el formulario a continuaci\u00f3n para iniciar sesi\u00f3n en tu cuenta. Nombre de usuario o email* Contrase\u00f1a* Recu\u00e9rdame \u00bfOlvidaste tu contrase\u00f1a? Inicia sesi\u00f3n \u00bfNo tienes cuenta? Haz clic aqu\u00ed\" \/>\n<meta property=\"og:url\" content=\"https:\/\/espaciovip.shop\/en\/iniciar-sesion\/\" \/>\n<meta property=\"og:site_name\" content=\"Espacio VIP Studio\" \/>\n<meta property=\"article:modified_time\" content=\"2026-03-10T16:23:25+00:00\" \/>\n<meta property=\"og:image\" content=\"https:\/\/espaciovip.shop\/wp-content\/uploads\/2025\/12\/IMG_2109-e1764718765543.jpg\" \/>\n\t<meta property=\"og:image:width\" content=\"864\" \/>\n\t<meta property=\"og:image:height\" content=\"663\" \/>\n\t<meta property=\"og:image:type\" content=\"image\/jpeg\" \/>\n<meta name=\"twitter:card\" content=\"summary_large_image\" \/>\n<meta name=\"twitter:label1\" content=\"Est. reading time\" \/>\n\t<meta name=\"twitter:data1\" content=\"1 minute\" \/>\n<script type=\"application\/ld+json\" class=\"yoast-schema-graph\">{\"@context\":\"https:\\\/\\\/schema.org\",\"@graph\":[{\"@type\":\"WebPage\",\"@id\":\"https:\\\/\\\/espaciovip.shop\\\/iniciar-sesion\\\/\",\"url\":\"https:\\\/\\\/espaciovip.shop\\\/iniciar-sesion\\\/\",\"name\":\"Iniciar sesi\u00f3n - Espacio VIP Studio\",\"isPartOf\":{\"@id\":\"https:\\\/\\\/espaciovip.shop\\\/#website\"},\"datePublished\":\"2025-11-24T17:19:05+00:00\",\"dateModified\":\"2026-03-10T16:23:25+00:00\",\"breadcrumb\":{\"@id\":\"https:\\\/\\\/espaciovip.shop\\\/iniciar-sesion\\\/#breadcrumb\"},\"inLanguage\":\"en-US\",\"potentialAction\":[{\"@type\":\"ReadAction\",\"target\":[\"https:\\\/\\\/espaciovip.shop\\\/iniciar-sesion\\\/\"]}]},{\"@type\":\"BreadcrumbList\",\"@id\":\"https:\\\/\\\/espaciovip.shop\\\/iniciar-sesion\\\/#breadcrumb\",\"itemListElement\":[{\"@type\":\"ListItem\",\"position\":1,\"name\":\"Inicio\",\"item\":\"https:\\\/\\\/espaciovip.shop\\\/\"},{\"@type\":\"ListItem\",\"position\":2,\"name\":\"Iniciar sesi\u00f3n\"}]},{\"@type\":\"WebSite\",\"@id\":\"https:\\\/\\\/espaciovip.shop\\\/#website\",\"url\":\"https:\\\/\\\/espaciovip.shop\\\/\",\"name\":\"Espacio VIP Studio\",\"description\":\"\",\"potentialAction\":[{\"@type\":\"SearchAction\",\"target\":{\"@type\":\"EntryPoint\",\"urlTemplate\":\"https:\\\/\\\/espaciovip.shop\\\/?s={search_term_string}\"},\"query-input\":{\"@type\":\"PropertyValueSpecification\",\"valueRequired\":true,\"valueName\":\"search_term_string\"}}],\"inLanguage\":\"en-US\"}]}<\/script>\n<!-- \/ Yoast SEO plugin. -->","yoast_head_json":{"title":"Iniciar sesi\u00f3n - Espacio VIP Studio","robots":{"index":"noindex","follow":"nofollow"},"og_locale":"en_US","og_type":"article","og_title":"Iniciar sesi\u00f3n - Espacio VIP Studio","og_description":"Inicia sesi\u00f3n Hola, bienvenida\/o de nuevo. Usa el formulario a continuaci\u00f3n para iniciar sesi\u00f3n en tu cuenta. Nombre de usuario o email* Contrase\u00f1a* Recu\u00e9rdame \u00bfOlvidaste tu contrase\u00f1a? Inicia sesi\u00f3n \u00bfNo tienes cuenta? Haz clic aqu\u00ed","og_url":"https:\/\/espaciovip.shop\/en\/iniciar-sesion\/","og_site_name":"Espacio VIP Studio","article_modified_time":"2026-03-10T16:23:25+00:00","og_image":[{"width":864,"height":663,"url":"https:\/\/espaciovip.shop\/wp-content\/uploads\/2025\/12\/IMG_2109-e1764718765543.jpg","type":"image\/jpeg"}],"twitter_card":"summary_large_image","twitter_misc":{"Est. reading time":"1 minute"},"schema":{"@context":"https:\/\/schema.org","@graph":[{"@type":"WebPage","@id":"https:\/\/espaciovip.shop\/iniciar-sesion\/","url":"https:\/\/espaciovip.shop\/iniciar-sesion\/","name":"Iniciar sesi\u00f3n - Espacio VIP Studio","isPartOf":{"@id":"https:\/\/espaciovip.shop\/#website"},"datePublished":"2025-11-24T17:19:05+00:00","dateModified":"2026-03-10T16:23:25+00:00","breadcrumb":{"@id":"https:\/\/espaciovip.shop\/iniciar-sesion\/#breadcrumb"},"inLanguage":"en-US","potentialAction":[{"@type":"ReadAction","target":["https:\/\/espaciovip.shop\/iniciar-sesion\/"]}]},{"@type":"BreadcrumbList","@id":"https:\/\/espaciovip.shop\/iniciar-sesion\/#breadcrumb","itemListElement":[{"@type":"ListItem","position":1,"name":"Inicio","item":"https:\/\/espaciovip.shop\/"},{"@type":"ListItem","position":2,"name":"Iniciar sesi\u00f3n"}]},{"@type":"WebSite","@id":"https:\/\/espaciovip.shop\/#website","url":"https:\/\/espaciovip.shop\/","name":"Espacio VIP Studio","description":"","potentialAction":[{"@type":"SearchAction","target":{"@type":"EntryPoint","urlTemplate":"https:\/\/espaciovip.shop\/?s={search_term_string}"},"query-input":{"@type":"PropertyValueSpecification","valueRequired":true,"valueName":"search_term_string"}}],"inLanguage":"en-US"}]}},"_links":{"self":[{"href":"https:\/\/espaciovip.shop\/en\/wp-json\/wp\/v2\/pages\/555","targetHints":{"allow":["GET"]}}],"collection":[{"href":"https:\/\/espaciovip.shop\/en\/wp-json\/wp\/v2\/pages"}],"about":[{"href":"https:\/\/espaciovip.shop\/en\/wp-json\/wp\/v2\/types\/page"}],"author":[{"embeddable":true,"href":"https:\/\/espaciovip.shop\/en\/wp-json\/wp\/v2\/users\/1"}],"replies":[{"embeddable":true,"href":"https:\/\/espaciovip.shop\/en\/wp-json\/wp\/v2\/comments?post=555"}],"version-history":[{"count":13,"href":"https:\/\/espaciovip.shop\/en\/wp-json\/wp\/v2\/pages\/555\/revisions"}],"predecessor-version":[{"id":643,"href":"https:\/\/espaciovip.shop\/en\/wp-json\/wp\/v2\/pages\/555\/revisions\/643"}],"wp:attachment":[{"href":"https:\/\/espaciovip.shop\/en\/wp-json\/wp\/v2\/media?parent=555"}],"curies":[{"name":"wp","href":"https:\/\/api.w.org\/{rel}","templated":true}]}}