{"id":49,"date":"2025-11-11T18:19:50","date_gmt":"2025-11-11T18:19:50","guid":{"rendered":"https:\/\/espaciovip.shop\/?page_id=49"},"modified":"2026-01-13T22:21:31","modified_gmt":"2026-01-13T22:21:31","slug":"gallery","status":"publish","type":"page","link":"https:\/\/espaciovip.shop\/en\/galeria\/","title":{"rendered":"Gallery"},"content":{"rendered":"<section class=\"bde-section-49-100 bde-section\">\n              \n  \n  \n\t\n\n  <div class=\"section-background-overlay\"><\/div>\n\n\n<div class=\"section-container\"><div class=\"bde-div-49-101 bde-div\" data-entrance=\"fade\">\n  \n  \n\t\n\n\n\n<h3 class=\"bde-heading-49-102 bde-heading\">\nResults that enhance your essence\n<\/h3>\n<\/div><\/div>\n<\/section><section class=\"bde-section-49-108 bde-section\">\n  \n  \n\t\n\n\n\n<div class=\"section-container\"><h1 class=\"bde-heading-49-109 bde-heading\">\nLash Lift Puerto Rico, Brow Lamination Puerto Rico &amp; Microblading for Sparse Eyebrows Gallery\n<\/h1><h2 class=\"bde-heading-49-110 bde-heading\">\nSemi Permanent Eyebrow Makeup, Lash Lift Near Me &amp; Lip Blush Puerto Rico Results\n<\/h2><\/div>\n<\/section><section class=\"bde-section-49-104 bde-section\">\n  \n  \n\t\n\n\n\n<div class=\"section-container\"><h6 class=\"bde-heading-49-105 bde-heading\" data-parallax=\"true\">\nWe love accompanying each client through their transformation process. Here you can see some of the results we achieve together, always prioritizing naturalness, harmony, and well-being.\n<\/h6><\/div>\n<\/section><section class=\"bde-section-49-106 bde-section\">\n  \n  \n\t\n\n\n\n<div class=\"section-container\"><div class=\"bde-gallery-49-107 bde-gallery\">\n\n\n\n\n\n\n\n\n\n\n\n\n\n<div class=\"ee-gallery ee-gallery--isotope ee-gallery--masonry ee-gallery--single ee-gallery--none ee-gallery-- ee-gallery--caption- ee-gallery--caption-none ee-gallery--ratio\">\n                  \n      <div class=\"ee-gallery-item ee-gallery-item--image ee-gallery-item--single\" href=\"https:\/\/espaciovip.shop\/wp-content\/uploads\/2025\/11\/IMG_1780-scaled.jpg\"  data-sub-html=\"<span><\/span>\" data-category=\"1\"                  data-lg-size=\"1920-2560\"\n\n      >\n        <figure class=\"ee-gallery-item-figure\">\n                        <img decoding=\"async\" class=\"breakdance-image-object\" src=\"https:\/\/espaciovip.shop\/wp-content\/uploads\/2025\/11\/IMG_1780-scaled.jpg\" width=\"1920\" height=\"2560\" srcset=\"https:\/\/espaciovip.shop\/wp-content\/uploads\/2025\/11\/IMG_1780-scaled.jpg 1920w, https:\/\/espaciovip.shop\/wp-content\/uploads\/2025\/11\/IMG_1780-225x300.jpg 225w, https:\/\/espaciovip.shop\/wp-content\/uploads\/2025\/11\/IMG_1780-768x1024.jpg 768w, https:\/\/espaciovip.shop\/wp-content\/uploads\/2025\/11\/IMG_1780-1152x1536.jpg 1152w, https:\/\/espaciovip.shop\/wp-content\/uploads\/2025\/11\/IMG_1780-1536x2048.jpg 1536w, https:\/\/espaciovip.shop\/wp-content\/uploads\/2025\/11\/IMG_1780-9x12.jpg 9w, https:\/\/espaciovip.shop\/wp-content\/uploads\/2025\/11\/IMG_1780-600x800.jpg 600w\" sizes=\"auto, (max-width: 1920px) 100vw, 1920px\" alt=\"lifting de pesta\u00f1as puerto rico mostrando pesta\u00f1as elevadas y mirada natural sin extensiones\" loading=\"lazy\">\n          \n                  <\/figure>\n      <\/div>\n\n                \n      <div class=\"ee-gallery-item ee-gallery-item--image ee-gallery-item--single\" href=\"https:\/\/espaciovip.shop\/wp-content\/uploads\/2025\/11\/IMG_0948-1-scaled.jpg\"  data-sub-html=\"<span><\/span>\" data-category=\"1\"                  data-lg-size=\"1920-2560\"\n\n      >\n        <figure class=\"ee-gallery-item-figure\">\n                        <img decoding=\"async\" class=\"breakdance-image-object\" src=\"https:\/\/espaciovip.shop\/wp-content\/uploads\/2025\/11\/IMG_0948-1-scaled.jpg\" width=\"1920\" height=\"2560\" srcset=\"https:\/\/espaciovip.shop\/wp-content\/uploads\/2025\/11\/IMG_0948-1-scaled.jpg 1920w, https:\/\/espaciovip.shop\/wp-content\/uploads\/2025\/11\/IMG_0948-1-225x300.jpg 225w, https:\/\/espaciovip.shop\/wp-content\/uploads\/2025\/11\/IMG_0948-1-768x1024.jpg 768w, https:\/\/espaciovip.shop\/wp-content\/uploads\/2025\/11\/IMG_0948-1-1152x1536.jpg 1152w, https:\/\/espaciovip.shop\/wp-content\/uploads\/2025\/11\/IMG_0948-1-1536x2048.jpg 1536w, https:\/\/espaciovip.shop\/wp-content\/uploads\/2025\/11\/IMG_0948-1-9x12.jpg 9w, https:\/\/espaciovip.shop\/wp-content\/uploads\/2025\/11\/IMG_0948-1-600x800.jpg 600w\" sizes=\"auto, (max-width: 1920px) 100vw, 1920px\" loading=\"lazy\">\n          \n                  <\/figure>\n      <\/div>\n\n                \n      <div class=\"ee-gallery-item ee-gallery-item--image ee-gallery-item--single\" href=\"https:\/\/espaciovip.shop\/wp-content\/uploads\/2025\/11\/IMG_2414-scaled.jpg\"  data-sub-html=\"<span><\/span>\" data-category=\"1\"                  data-lg-size=\"1920-2560\"\n\n      >\n        <figure class=\"ee-gallery-item-figure\">\n                        <img decoding=\"async\" class=\"breakdance-image-object\" src=\"https:\/\/espaciovip.shop\/wp-content\/uploads\/2025\/11\/IMG_2414-scaled.jpg\" width=\"1920\" height=\"2560\" srcset=\"https:\/\/espaciovip.shop\/wp-content\/uploads\/2025\/11\/IMG_2414-scaled.jpg 1920w, https:\/\/espaciovip.shop\/wp-content\/uploads\/2025\/11\/IMG_2414-225x300.jpg 225w, https:\/\/espaciovip.shop\/wp-content\/uploads\/2025\/11\/IMG_2414-768x1024.jpg 768w, https:\/\/espaciovip.shop\/wp-content\/uploads\/2025\/11\/IMG_2414-1152x1536.jpg 1152w, https:\/\/espaciovip.shop\/wp-content\/uploads\/2025\/11\/IMG_2414-1536x2048.jpg 1536w, https:\/\/espaciovip.shop\/wp-content\/uploads\/2025\/11\/IMG_2414-9x12.jpg 9w, https:\/\/espaciovip.shop\/wp-content\/uploads\/2025\/11\/IMG_2414-600x800.jpg 600w\" sizes=\"auto, (max-width: 1920px) 100vw, 1920px\" alt=\"aplicaci\u00f3n de tinte para cejas semipermanente que realza el dise\u00f1o de cejas y logra cejas natural\" loading=\"lazy\">\n          \n                  <\/figure>\n      <\/div>\n\n                \n      <div class=\"ee-gallery-item ee-gallery-item--image ee-gallery-item--single\" href=\"https:\/\/espaciovip.shop\/wp-content\/uploads\/2025\/11\/IMG_3251-scaled.jpg\"  data-sub-html=\"<span><\/span>\" data-category=\"1\"                  data-lg-size=\"1920-2560\"\n\n      >\n        <figure class=\"ee-gallery-item-figure\">\n                        <img decoding=\"async\" class=\"breakdance-image-object\" src=\"https:\/\/espaciovip.shop\/wp-content\/uploads\/2025\/11\/IMG_3251-scaled.jpg\" width=\"1920\" height=\"2560\" srcset=\"https:\/\/espaciovip.shop\/wp-content\/uploads\/2025\/11\/IMG_3251-scaled.jpg 1920w, https:\/\/espaciovip.shop\/wp-content\/uploads\/2025\/11\/IMG_3251-225x300.jpg 225w, https:\/\/espaciovip.shop\/wp-content\/uploads\/2025\/11\/IMG_3251-768x1024.jpg 768w, https:\/\/espaciovip.shop\/wp-content\/uploads\/2025\/11\/IMG_3251-1152x1536.jpg 1152w, https:\/\/espaciovip.shop\/wp-content\/uploads\/2025\/11\/IMG_3251-1536x2048.jpg 1536w, https:\/\/espaciovip.shop\/wp-content\/uploads\/2025\/11\/IMG_3251-9x12.jpg 9w, https:\/\/espaciovip.shop\/wp-content\/uploads\/2025\/11\/IMG_3251-600x800.jpg 600w\" sizes=\"auto, (max-width: 1920px) 100vw, 1920px\" alt=\"depilaci\u00f3n de cejas y dise\u00f1o de cejas cerca de mi realizada en sal\u00f3n de cejas profesional\" loading=\"lazy\">\n          \n                  <\/figure>\n      <\/div>\n\n                \n      <div class=\"ee-gallery-item ee-gallery-item--image ee-gallery-item--single\" href=\"https:\/\/espaciovip.shop\/wp-content\/uploads\/2025\/11\/IMG_3201-scaled.jpeg\"  data-sub-html=\"<span><\/span>\" data-category=\"1\"                  data-lg-size=\"1920-2560\"\n\n      >\n        <figure class=\"ee-gallery-item-figure\">\n                        <img decoding=\"async\" class=\"breakdance-image-object\" src=\"https:\/\/espaciovip.shop\/wp-content\/uploads\/2025\/11\/IMG_3201-scaled.jpeg\" width=\"1920\" height=\"2560\" srcset=\"https:\/\/espaciovip.shop\/wp-content\/uploads\/2025\/11\/IMG_3201-scaled.jpeg 1920w, https:\/\/espaciovip.shop\/wp-content\/uploads\/2025\/11\/IMG_3201-225x300.jpeg 225w, https:\/\/espaciovip.shop\/wp-content\/uploads\/2025\/11\/IMG_3201-768x1024.jpeg 768w, https:\/\/espaciovip.shop\/wp-content\/uploads\/2025\/11\/IMG_3201-1152x1536.jpeg 1152w, https:\/\/espaciovip.shop\/wp-content\/uploads\/2025\/11\/IMG_3201-1536x2048.jpeg 1536w, https:\/\/espaciovip.shop\/wp-content\/uploads\/2025\/11\/IMG_3201-9x12.jpeg 9w, https:\/\/espaciovip.shop\/wp-content\/uploads\/2025\/11\/IMG_3201-600x800.jpeg 600w\" sizes=\"auto, (max-width: 1920px) 100vw, 1920px\" alt=\"laminado de cejas puerto rico con dise\u00f1o de cejas para cejas natural y pulidas\" loading=\"lazy\">\n          \n                  <\/figure>\n      <\/div>\n\n                \n      <div class=\"ee-gallery-item ee-gallery-item--image ee-gallery-item--single\" href=\"https:\/\/espaciovip.shop\/wp-content\/uploads\/2026\/01\/IMG_3454-1.jpg\"  data-sub-html=\"<span>Screenshot<\/span>\" data-category=\"1\"                  data-lg-size=\"1320-1647\"\n\n      >\n        <figure class=\"ee-gallery-item-figure\">\n                        <img decoding=\"async\" class=\"breakdance-image-object\" src=\"https:\/\/espaciovip.shop\/wp-content\/uploads\/2026\/01\/IMG_3454-1.jpg\" width=\"1320\" height=\"1647\" srcset=\"https:\/\/espaciovip.shop\/wp-content\/uploads\/2026\/01\/IMG_3454-1.jpg 1320w, https:\/\/espaciovip.shop\/wp-content\/uploads\/2026\/01\/IMG_3454-1-240x300.jpg 240w, https:\/\/espaciovip.shop\/wp-content\/uploads\/2026\/01\/IMG_3454-1-821x1024.jpg 821w, https:\/\/espaciovip.shop\/wp-content\/uploads\/2026\/01\/IMG_3454-1-768x958.jpg 768w, https:\/\/espaciovip.shop\/wp-content\/uploads\/2026\/01\/IMG_3454-1-1231x1536.jpg 1231w, https:\/\/espaciovip.shop\/wp-content\/uploads\/2026\/01\/IMG_3454-1-10x12.jpg 10w, https:\/\/espaciovip.shop\/wp-content\/uploads\/2026\/01\/IMG_3454-1-600x749.jpg 600w\" sizes=\"auto, (max-width: 1320px) 100vw, 1320px\" loading=\"lazy\">\n          \n                  <\/figure>\n      <\/div>\n\n      \n      <div class=\"ee-gallery-gutter\"><\/div>\n  <\/div>\n\n\n\n<\/div><\/div>\n<\/section>","protected":false},"excerpt":{"rendered":"<p>Resultados que realzan tu esencia Galer\u00eda de Microblading, Micropigmentaci\u00f3n y Dise\u00f1o de Cejas en Puerto Rico Resultados de Cejas Perfectas con Microblading, Laminado y Lifting de Pesta\u00f1as Nos encanta acompa\u00f1ar a cada clienta en su proceso de transformaci\u00f3n. Aqu\u00ed puedes ver algunos de los resultados que logramos juntas, siempre priorizando naturalidad, armon\u00eda y bienestar.<\/p>","protected":false},"author":1,"featured_media":0,"parent":0,"menu_order":0,"comment_status":"closed","ping_status":"closed","template":"","meta":{"_breakdance_hide_in_design_set":false,"_breakdance_tags":"","footnotes":""},"class_list":["post-49","page","type-page","status-publish","hentry"],"yoast_head":"<!-- This site is optimized with the Yoast SEO plugin v27.4 - https:\/\/yoast.com\/product\/yoast-seo-wordpress\/ -->\n<title>Galer\u00eda de Microblading de Cejas y Dise\u00f1o de Cejas en Puerto Rico - Espacio VIP Studio<\/title>\n<meta name=\"description\" content=\"Explora nuestra galer\u00eda de resultados reales en microblading cejas, micropigmentaci\u00f3n, dise\u00f1o de cejas, laminado, lifting de pesta\u00f1as y tintes semipermanentes en Puerto Rico.\" \/>\n<meta name=\"robots\" content=\"index, follow, max-snippet:-1, max-image-preview:large, max-video-preview:-1\" \/>\n<link rel=\"canonical\" href=\"https:\/\/espaciovip.shop\/en\/gallery\/\" \/>\n<meta property=\"og:locale\" content=\"en_US\" \/>\n<meta property=\"og:type\" content=\"article\" \/>\n<meta property=\"og:title\" content=\"Galer\u00eda de Microblading de Cejas y Dise\u00f1o de Cejas en Puerto Rico - Espacio VIP Studio\" \/>\n<meta property=\"og:description\" content=\"Explora nuestra galer\u00eda de resultados reales en microblading cejas, micropigmentaci\u00f3n, dise\u00f1o de cejas, laminado, lifting de pesta\u00f1as y tintes semipermanentes en Puerto Rico.\" \/>\n<meta property=\"og:url\" content=\"https:\/\/espaciovip.shop\/en\/gallery\/\" \/>\n<meta property=\"og:site_name\" content=\"Espacio VIP Studio\" \/>\n<meta property=\"article:modified_time\" content=\"2026-01-13T22:21:31+00:00\" \/>\n<meta property=\"og:image\" content=\"https:\/\/espaciovip.shop\/wp-content\/uploads\/2025\/12\/IMG_2109-e1764718765543.jpg\" \/>\n\t<meta property=\"og:image:width\" content=\"864\" \/>\n\t<meta property=\"og:image:height\" content=\"663\" \/>\n\t<meta property=\"og:image:type\" content=\"image\/jpeg\" \/>\n<meta name=\"twitter:card\" content=\"summary_large_image\" \/>\n<meta name=\"twitter:label1\" content=\"Est. reading time\" \/>\n\t<meta name=\"twitter:data1\" content=\"2 minutes\" \/>\n<script type=\"application\/ld+json\" class=\"yoast-schema-graph\">{\"@context\":\"https:\\\/\\\/schema.org\",\"@graph\":[{\"@type\":\"WebPage\",\"@id\":\"https:\\\/\\\/espaciovip.shop\\\/galeria\\\/\",\"url\":\"https:\\\/\\\/espaciovip.shop\\\/galeria\\\/\",\"name\":\"Galer\u00eda de Microblading de Cejas y Dise\u00f1o de Cejas en Puerto Rico - Espacio VIP Studio\",\"isPartOf\":{\"@id\":\"https:\\\/\\\/espaciovip.shop\\\/#website\"},\"datePublished\":\"2025-11-11T18:19:50+00:00\",\"dateModified\":\"2026-01-13T22:21:31+00:00\",\"description\":\"Explora nuestra galer\u00eda de resultados reales en microblading cejas, micropigmentaci\u00f3n, dise\u00f1o de cejas, laminado, lifting de pesta\u00f1as y tintes semipermanentes en Puerto Rico.\",\"breadcrumb\":{\"@id\":\"https:\\\/\\\/espaciovip.shop\\\/galeria\\\/#breadcrumb\"},\"inLanguage\":\"en-US\",\"potentialAction\":[{\"@type\":\"ReadAction\",\"target\":[\"https:\\\/\\\/espaciovip.shop\\\/galeria\\\/\"]}]},{\"@type\":\"BreadcrumbList\",\"@id\":\"https:\\\/\\\/espaciovip.shop\\\/galeria\\\/#breadcrumb\",\"itemListElement\":[{\"@type\":\"ListItem\",\"position\":1,\"name\":\"Inicio\",\"item\":\"https:\\\/\\\/espaciovip.shop\\\/\"},{\"@type\":\"ListItem\",\"position\":2,\"name\":\"Galer\u00eda\"}]},{\"@type\":\"WebSite\",\"@id\":\"https:\\\/\\\/espaciovip.shop\\\/#website\",\"url\":\"https:\\\/\\\/espaciovip.shop\\\/\",\"name\":\"Espacio VIP Studio\",\"description\":\"\",\"potentialAction\":[{\"@type\":\"SearchAction\",\"target\":{\"@type\":\"EntryPoint\",\"urlTemplate\":\"https:\\\/\\\/espaciovip.shop\\\/?s={search_term_string}\"},\"query-input\":{\"@type\":\"PropertyValueSpecification\",\"valueRequired\":true,\"valueName\":\"search_term_string\"}}],\"inLanguage\":\"en-US\"}]}<\/script>\n<!-- \/ Yoast SEO plugin. -->","yoast_head_json":{"title":"Lash Lift Puerto Rico &amp; Microblading for Sparse Eyebrows Results - Espacio VIP Studio","description":"Browse the gallery of Espacio VIP Studio in Puerto Rico featuring real results of lash lift Puerto Rico, lash lift and tint near me, brow lamination Puerto Rico, semi permanent eyebrows, and microblading for sparse eyebrows.","robots":{"index":"index","follow":"follow","max-snippet":"max-snippet:-1","max-image-preview":"max-image-preview:large","max-video-preview":"max-video-preview:-1"},"canonical":"https:\/\/espaciovip.shop\/en\/gallery\/","og_locale":"en_US","og_type":"article","og_title":"Galer\u00eda de Microblading de Cejas y Dise\u00f1o de Cejas en Puerto Rico - Espacio VIP Studio","og_description":"Explora nuestra galer\u00eda de resultados reales en microblading cejas, micropigmentaci\u00f3n, dise\u00f1o de cejas, laminado, lifting de pesta\u00f1as y tintes semipermanentes en Puerto Rico.","og_url":"https:\/\/espaciovip.shop\/en\/gallery\/","og_site_name":"Espacio VIP Studio","article_modified_time":"2026-01-13T22:21:31+00:00","og_image":[{"width":864,"height":663,"url":"https:\/\/espaciovip.shop\/wp-content\/uploads\/2025\/12\/IMG_2109-e1764718765543.jpg","type":"image\/jpeg"}],"twitter_card":"summary_large_image","twitter_misc":{"Est. reading time":"2 minutes"},"schema":{"@context":"https:\/\/schema.org","@graph":[{"@type":"WebPage","@id":"https:\/\/espaciovip.shop\/galeria\/","url":"https:\/\/espaciovip.shop\/galeria\/","name":"Lash Lift Puerto Rico &amp; Microblading for Sparse Eyebrows Results - Espacio VIP Studio","isPartOf":{"@id":"https:\/\/espaciovip.shop\/#website"},"datePublished":"2025-11-11T18:19:50+00:00","dateModified":"2026-01-13T22:21:31+00:00","description":"Browse the gallery of Espacio VIP Studio in Puerto Rico featuring real results of lash lift Puerto Rico, lash lift and tint near me, brow lamination Puerto Rico, semi permanent eyebrows, and microblading for sparse eyebrows.","breadcrumb":{"@id":"https:\/\/espaciovip.shop\/galeria\/#breadcrumb"},"inLanguage":"en-US","potentialAction":[{"@type":"ReadAction","target":["https:\/\/espaciovip.shop\/galeria\/"]}]},{"@type":"BreadcrumbList","@id":"https:\/\/espaciovip.shop\/galeria\/#breadcrumb","itemListElement":[{"@type":"ListItem","position":1,"name":"Inicio","item":"https:\/\/espaciovip.shop\/"},{"@type":"ListItem","position":2,"name":"Galer\u00eda"}]},{"@type":"WebSite","@id":"https:\/\/espaciovip.shop\/#website","url":"https:\/\/espaciovip.shop\/","name":"Espacio VIP Studio","description":"","potentialAction":[{"@type":"SearchAction","target":{"@type":"EntryPoint","urlTemplate":"https:\/\/espaciovip.shop\/?s={search_term_string}"},"query-input":{"@type":"PropertyValueSpecification","valueRequired":true,"valueName":"search_term_string"}}],"inLanguage":"en-US"}]}},"_links":{"self":[{"href":"https:\/\/espaciovip.shop\/en\/wp-json\/wp\/v2\/pages\/49","targetHints":{"allow":["GET"]}}],"collection":[{"href":"https:\/\/espaciovip.shop\/en\/wp-json\/wp\/v2\/pages"}],"about":[{"href":"https:\/\/espaciovip.shop\/en\/wp-json\/wp\/v2\/types\/page"}],"author":[{"embeddable":true,"href":"https:\/\/espaciovip.shop\/en\/wp-json\/wp\/v2\/users\/1"}],"replies":[{"embeddable":true,"href":"https:\/\/espaciovip.shop\/en\/wp-json\/wp\/v2\/comments?post=49"}],"version-history":[{"count":17,"href":"https:\/\/espaciovip.shop\/en\/wp-json\/wp\/v2\/pages\/49\/revisions"}],"predecessor-version":[{"id":801,"href":"https:\/\/espaciovip.shop\/en\/wp-json\/wp\/v2\/pages\/49\/revisions\/801"}],"wp:attachment":[{"href":"https:\/\/espaciovip.shop\/en\/wp-json\/wp\/v2\/media?parent=49"}],"curies":[{"name":"wp","href":"https:\/\/api.w.org\/{rel}","templated":true}]}}