{"id":47,"date":"2025-11-11T18:19:26","date_gmt":"2025-11-11T18:19:26","guid":{"rendered":"https:\/\/espaciovip.shop\/?page_id=47"},"modified":"2025-12-15T20:34:26","modified_gmt":"2025-12-15T20:34:26","slug":"contact","status":"publish","type":"page","link":"https:\/\/espaciovip.shop\/en\/contacto\/","title":{"rendered":"Contact"},"content":{"rendered":"<section class=\"bde-section-47-100 bde-section\">\n              \n  \n  \n\t\n\n  <div class=\"section-background-overlay\"><\/div>\n\n\n<div class=\"section-container\"><div class=\"bde-div-47-101 bde-div\" data-entrance=\"fade\">\n  \n  \n\t\n\n\n\n<h3 class=\"bde-heading-47-102 bde-heading\">\nCont\u00e1ctanos\n<\/h3>\n<\/div><\/div>\n<\/section><section class=\"bde-section-47-103 bde-section\">\n  \n  \n\t\n\n\n\n<div class=\"section-container\"><div class=\"bde-div-47-114 bde-div\">\n  \n  \n\t\n\n\n\n<div class=\"bde-google-map-47-115 bde-google-map\">\r\n<iframe width=\"100%\" height=\"100%\" style=\"border:0\" loading=\"lazy\" title=\"Map\" src=\"https:\/\/maps.google.com\/maps?q=Carr+2+KM+86.2+Bo+Carrizales+Carretera+Marginal+Edificio+Plaza+Del+Mar%2C+Segundo+piso%2C+Hatillo+Puerto+Rico+00659&t=m&z=14&output=embed&iwloc=near\" allowfullscreen><\/iframe>\n<\/div>\n<\/div><div class=\"bde-div-47-113 bde-div\">\n  \n  \n\t\n\n\n\n<div class=\"bde-div-47-118 bde-div\">\n  \n  \n\t\n\n\n\n<div class=\"bde-text-47-104 bde-text\">\nCont\u00e1ctanos por email, WhatsApp o tel\u00e9fono\n<\/div><div class=\"bde-icon-list-47-112 bde-icon-list\">\n<ul>\n  \n              \n    <li>\n                      \n            \n            \n\n    \n    \n    \n    \n    \n    <a class=\"breakdance-link bde-icon-list__item-wrapper\" href=\"mailto:espaciovippr@gmail.com\" target=\"_self\" data-type=\"url\"  >\n\n      \n      <span class='bde-icon-list__icon' aria-hidden='true'>\n        <svg xmlns=\"http:\/\/www.w3.org\/2000\/svg\" id=\"Layer_1\" data-name=\"Layer 1\" viewBox=\"0 0 24 24\">\r\n  <path d=\"M21.5,2H2.5C1.122,2,0,3.122,0,4.5V22H24V4.5c0-1.378-1.122-2.5-2.5-2.5ZM2.5,3H21.5c.534,0,1,.282,1.266,.703L14.494,11.975c-.662,.661-1.54,1.025-2.479,1.025h-.017c-.914-.017-1.826-.36-2.492-1.025L1.234,3.703c.266-.421,.732-.703,1.266-.703ZM1,21V4.883l7.799,7.799c.851,.851,1.98,1.318,3.177,1.318h.044c1.202,0,2.331-.467,3.182-1.318l7.799-7.799V21H1Z\"\/>\r\n<\/svg>\n      <\/span>\n      <span class='bde-icon-list__text' >\n      espaciovippr@gmail.com\n      <\/span>\n                  <\/a>\n\n      \n    <\/li>\n\n  \n              \n    <li>\n                      \n            \n            \n\n    \n    \n    \n    \n    \n    <a class=\"breakdance-link bde-icon-list__item-wrapper\" href=\"https:\/\/wa.link\/z9e20u\" target=\"_blank\" data-type=\"url\"  >\n\n      \n      <span class='bde-icon-list__icon' aria-hidden='true'>\n        <svg xmlns=\"http:\/\/www.w3.org\/2000\/svg\" viewBox=\"0 0 448 512\"><!--! Font Awesome Free 6.5.1 by @fontawesome - https:\/\/fontawesome.com License - https:\/\/fontawesome.com\/license\/free (Icons: CC BY 4.0, Fonts: SIL OFL 1.1, Code: MIT License) Copyright 2023 Fonticons, Inc. --><path d=\"M380.9 97.1C339 55.1 283.2 32 223.9 32c-122.4 0-222 99.6-222 222 0 39.1 10.2 77.3 29.6 111L0 480l117.7-30.9c32.4 17.7 68.9 27 106.1 27h.1c122.3 0 224.1-99.6 224.1-222 0-59.3-25.2-115-67.1-157zm-157 341.6c-33.2 0-65.7-8.9-94-25.7l-6.7-4-69.8 18.3L72 359.2l-4.4-7c-18.5-29.4-28.2-63.3-28.2-98.2 0-101.7 82.8-184.5 184.6-184.5 49.3 0 95.6 19.2 130.4 54.1 34.8 34.9 56.2 81.2 56.1 130.5 0 101.8-84.9 184.6-186.6 184.6zm101.2-138.2c-5.5-2.8-32.8-16.2-37.9-18-5.1-1.9-8.8-2.8-12.5 2.8-3.7 5.6-14.3 18-17.6 21.8-3.2 3.7-6.5 4.2-12 1.4-32.6-16.3-54-29.1-75.5-66-5.7-9.8 5.7-9.1 16.3-30.3 1.8-3.7.9-6.9-.5-9.7-1.4-2.8-12.5-30.1-17.1-41.2-4.5-10.8-9.1-9.3-12.5-9.5-3.2-.2-6.9-.2-10.6-.2-3.7 0-9.7 1.4-14.8 6.9-5.1 5.6-19.4 19-19.4 46.3 0 27.3 19.9 53.7 22.6 57.4 2.8 3.7 39.1 59.7 94.8 83.8 35.2 15.2 49 16.5 66.6 13.9 10.7-1.6 32.8-13.4 37.4-26.4 4.6-13 4.6-24.1 3.2-26.4-1.3-2.5-5-3.9-10.5-6.6z\"\/><\/svg>\n      <\/span>\n      <span class='bde-icon-list__text' >\n      +1-939-297-1797\n      <\/span>\n                  <\/a>\n\n      \n    <\/li>\n\n  <\/ul>\n\n<\/div>\n<\/div><div class=\"bde-fancy-divider-47-116 bde-fancy-divider\">\n\n\n<div class=\"bde-fancy-divider__wrapper\">\n  <div class=\"bde-fancy-divider__separator   \">\n  \t  <\/div>\n<\/div>\n\n<\/div><div class=\"bde-form-builder-47-117 bde-form-builder\">\n\n<form id=\"contacto117\" class=\"breakdance-form breakdance-form--vertical\" data-options=\"{&quot;slug&quot;:&quot;custom&quot;,&quot;name&quot;:&quot;Contacto&quot;,&quot;ajaxUrl&quot;:&quot;https:\\\/\\\/espaciovip.shop\\\/wp-admin\\\/admin-ajax.php&quot;,&quot;clearOnSuccess&quot;:true,&quot;hideOnSuccess&quot;:false,&quot;successMessage&quot;:&quot;Tu solicitud ha sido enviada correctamente!&quot;,&quot;errorMessage&quot;:&quot;Tu solicitud no ha podido enviarse debido a un error interno. Cont\\u00e1ctanos por WhatsApp o mail para poder ayudarte o intenta nuevamente en unos minutos.&quot;,&quot;redirect&quot;:false,&quot;redirectUrl&quot;:&quot;&quot;,&quot;customJavaScript&quot;:&quot;&quot;,&quot;recaptcha&quot;:{&quot;key&quot;:&quot;6LcqsywsAAAAANZMji-6_ghEoXv_FZ5OKwErN6px&quot;,&quot;enabled&quot;:true},&quot;honeypot_enabled&quot;:false,&quot;popupsOnSuccess&quot;:[],&quot;popupsOnError&quot;:[]}\" data-steps=\"0\" >\n  \n  \n  \n<div class=\"breakdance-form-field breakdance-form-field--text\" >\n    \n    \n            <label class=\"breakdance-form-field__label\" for=\"nombre\">\n            Nombre<span class=\"breakdance-form-field__required\">*<\/span>\n        <\/label>\n    \n    <input\n    class=\"breakdance-form-field__input\"\n    id=\"nombre\"\n    aria-describedby=\"nombre\"\n    type=\"text\"\n    name=\"fields[nombre]\"\n    placeholder=\"\"\n    value=\"\"\n                \n        \n        \n    required\n    \n    \n    \n    \n    \n>\n\n\n    \n    \n<\/div>\n\n\n<div class=\"breakdance-form-field breakdance-form-field--email\" >\n    \n    \n            <label class=\"breakdance-form-field__label\" for=\"email\">\n            Email<span class=\"breakdance-form-field__required\">*<\/span>\n        <\/label>\n    \n    <input\n    class=\"breakdance-form-field__input\"\n    id=\"email\"\n    aria-describedby=\"email\"\n    type=\"email\"\n    name=\"fields[email]\"\n    placeholder=\"\"\n    value=\"\"\n                \n        \n        \n    required\n    \n    \n    \n    \n    \n>\n\n\n    \n    \n<\/div>\n\n\n<div class=\"breakdance-form-field breakdance-form-field--textarea\" >\n    \n    \n            <label class=\"breakdance-form-field__label\" for=\"mensaje\">\n            Mensaje<span class=\"breakdance-form-field__required\">*<\/span>\n        <\/label>\n    \n    <textarea\n    class=\"breakdance-form-field__input\"\n    id=\"mensaje\"\n    aria-describedby=\"mensaje\"\n    type=\"textarea\"\n    name=\"fields[mensaje]\"\n        placeholder=\"\"\n    required\n    \n    \n    >\n<\/textarea>\n\n\n    \n    \n<\/div>\n\n\n<div class=\"breakdance-form-field breakdance-form-field--hidden\" >\n    \n    \n    \n    <input\n    id=\"csrf-token-117\"\n    type=\"hidden\"\n    name=\"fields[csrfToken]\"\n    value=\"d4cf419bfd\"\n    \n    >\n\n\n    \n    \n<\/div><div class=\"breakdance-form-field breakdance-form-footer\">    \n    \n    \n    \n    \n            \n            <button type=\"submit\" class=\"button-atom button-atom--primary breakdance-form-button breakdance-form-button__submit\"  >\n    \n        <span class=\"button-atom__text\">Enviar<\/span>\n\n        \n        \n            <\/button>\n    \n    <input type=\"hidden\" name=\"form_id\" value=\"117\">\n    <input type=\"hidden\" name=\"post_id\" value=\"47\">\n<\/div>\n\n  \n<\/form>\n\n\n<\/div>\n<\/div><\/div>\n<\/section>","protected":false},"excerpt":{"rendered":"<p>Cont\u00e1ctanos Cont\u00e1ctanos por email, WhatsApp o tel\u00e9fono espaciovippr@gmail.com +1-939-297-1797 Nombre* Email* Mensaje* Enviar<\/p>","protected":false},"author":1,"featured_media":0,"parent":0,"menu_order":0,"comment_status":"closed","ping_status":"closed","template":"","meta":{"_breakdance_hide_in_design_set":false,"_breakdance_tags":"","footnotes":""},"class_list":["post-47","page","type-page","status-publish","hentry"],"yoast_head":"<!-- This site is optimized with the Yoast SEO plugin v27.4 - https:\/\/yoast.com\/product\/yoast-seo-wordpress\/ -->\n<title>Contacto - Espacio VIP Studio<\/title>\n<meta name=\"robots\" content=\"index, follow, max-snippet:-1, max-image-preview:large, max-video-preview:-1\" \/>\n<link rel=\"canonical\" href=\"https:\/\/espaciovip.shop\/en\/contact\/\" \/>\n<meta property=\"og:locale\" content=\"en_US\" \/>\n<meta property=\"og:type\" content=\"article\" \/>\n<meta property=\"og:title\" content=\"Contacto - Espacio VIP Studio\" \/>\n<meta property=\"og:description\" content=\"Cont\u00e1ctanos Cont\u00e1ctanos por email, WhatsApp o tel\u00e9fono espaciovippr@gmail.com +1-939-297-1797 Nombre* Email* Mensaje* Enviar\" \/>\n<meta property=\"og:url\" content=\"https:\/\/espaciovip.shop\/en\/contact\/\" \/>\n<meta property=\"og:site_name\" content=\"Espacio VIP Studio\" \/>\n<meta property=\"article:modified_time\" content=\"2025-12-15T20:34:26+00:00\" \/>\n<meta property=\"og:image\" content=\"https:\/\/espaciovip.shop\/wp-content\/uploads\/2025\/12\/IMG_2109-e1764718765543.jpg\" \/>\n\t<meta property=\"og:image:width\" content=\"864\" \/>\n\t<meta property=\"og:image:height\" content=\"663\" \/>\n\t<meta property=\"og:image:type\" content=\"image\/jpeg\" \/>\n<meta name=\"twitter:card\" content=\"summary_large_image\" \/>\n<script type=\"application\/ld+json\" class=\"yoast-schema-graph\">{\"@context\":\"https:\\\/\\\/schema.org\",\"@graph\":[{\"@type\":\"WebPage\",\"@id\":\"https:\\\/\\\/espaciovip.shop\\\/contacto\\\/\",\"url\":\"https:\\\/\\\/espaciovip.shop\\\/contacto\\\/\",\"name\":\"Contacto - Espacio VIP Studio\",\"isPartOf\":{\"@id\":\"https:\\\/\\\/espaciovip.shop\\\/#website\"},\"datePublished\":\"2025-11-11T18:19:26+00:00\",\"dateModified\":\"2025-12-15T20:34:26+00:00\",\"breadcrumb\":{\"@id\":\"https:\\\/\\\/espaciovip.shop\\\/contacto\\\/#breadcrumb\"},\"inLanguage\":\"en-US\",\"potentialAction\":[{\"@type\":\"ReadAction\",\"target\":[\"https:\\\/\\\/espaciovip.shop\\\/contacto\\\/\"]}]},{\"@type\":\"BreadcrumbList\",\"@id\":\"https:\\\/\\\/espaciovip.shop\\\/contacto\\\/#breadcrumb\",\"itemListElement\":[{\"@type\":\"ListItem\",\"position\":1,\"name\":\"Inicio\",\"item\":\"https:\\\/\\\/espaciovip.shop\\\/\"},{\"@type\":\"ListItem\",\"position\":2,\"name\":\"Contacto\"}]},{\"@type\":\"WebSite\",\"@id\":\"https:\\\/\\\/espaciovip.shop\\\/#website\",\"url\":\"https:\\\/\\\/espaciovip.shop\\\/\",\"name\":\"Espacio VIP Studio\",\"description\":\"\",\"potentialAction\":[{\"@type\":\"SearchAction\",\"target\":{\"@type\":\"EntryPoint\",\"urlTemplate\":\"https:\\\/\\\/espaciovip.shop\\\/?s={search_term_string}\"},\"query-input\":{\"@type\":\"PropertyValueSpecification\",\"valueRequired\":true,\"valueName\":\"search_term_string\"}}],\"inLanguage\":\"en-US\"}]}<\/script>\n<!-- \/ Yoast SEO plugin. -->","yoast_head_json":{"title":"Contacto - Espacio VIP Studio","robots":{"index":"index","follow":"follow","max-snippet":"max-snippet:-1","max-image-preview":"max-image-preview:large","max-video-preview":"max-video-preview:-1"},"canonical":"https:\/\/espaciovip.shop\/en\/contact\/","og_locale":"en_US","og_type":"article","og_title":"Contacto - Espacio VIP Studio","og_description":"Cont\u00e1ctanos Cont\u00e1ctanos por email, WhatsApp o tel\u00e9fono espaciovippr@gmail.com +1-939-297-1797 Nombre* Email* Mensaje* Enviar","og_url":"https:\/\/espaciovip.shop\/en\/contact\/","og_site_name":"Espacio VIP Studio","article_modified_time":"2025-12-15T20:34:26+00:00","og_image":[{"width":864,"height":663,"url":"https:\/\/espaciovip.shop\/wp-content\/uploads\/2025\/12\/IMG_2109-e1764718765543.jpg","type":"image\/jpeg"}],"twitter_card":"summary_large_image","schema":{"@context":"https:\/\/schema.org","@graph":[{"@type":"WebPage","@id":"https:\/\/espaciovip.shop\/contacto\/","url":"https:\/\/espaciovip.shop\/contacto\/","name":"Contacto - Espacio VIP Studio","isPartOf":{"@id":"https:\/\/espaciovip.shop\/#website"},"datePublished":"2025-11-11T18:19:26+00:00","dateModified":"2025-12-15T20:34:26+00:00","breadcrumb":{"@id":"https:\/\/espaciovip.shop\/contacto\/#breadcrumb"},"inLanguage":"en-US","potentialAction":[{"@type":"ReadAction","target":["https:\/\/espaciovip.shop\/contacto\/"]}]},{"@type":"BreadcrumbList","@id":"https:\/\/espaciovip.shop\/contacto\/#breadcrumb","itemListElement":[{"@type":"ListItem","position":1,"name":"Inicio","item":"https:\/\/espaciovip.shop\/"},{"@type":"ListItem","position":2,"name":"Contacto"}]},{"@type":"WebSite","@id":"https:\/\/espaciovip.shop\/#website","url":"https:\/\/espaciovip.shop\/","name":"Espacio VIP Studio","description":"","potentialAction":[{"@type":"SearchAction","target":{"@type":"EntryPoint","urlTemplate":"https:\/\/espaciovip.shop\/?s={search_term_string}"},"query-input":{"@type":"PropertyValueSpecification","valueRequired":true,"valueName":"search_term_string"}}],"inLanguage":"en-US"}]}},"_links":{"self":[{"href":"https:\/\/espaciovip.shop\/en\/wp-json\/wp\/v2\/pages\/47","targetHints":{"allow":["GET"]}}],"collection":[{"href":"https:\/\/espaciovip.shop\/en\/wp-json\/wp\/v2\/pages"}],"about":[{"href":"https:\/\/espaciovip.shop\/en\/wp-json\/wp\/v2\/types\/page"}],"author":[{"embeddable":true,"href":"https:\/\/espaciovip.shop\/en\/wp-json\/wp\/v2\/users\/1"}],"replies":[{"embeddable":true,"href":"https:\/\/espaciovip.shop\/en\/wp-json\/wp\/v2\/comments?post=47"}],"version-history":[{"count":27,"href":"https:\/\/espaciovip.shop\/en\/wp-json\/wp\/v2\/pages\/47\/revisions"}],"predecessor-version":[{"id":754,"href":"https:\/\/espaciovip.shop\/en\/wp-json\/wp\/v2\/pages\/47\/revisions\/754"}],"wp:attachment":[{"href":"https:\/\/espaciovip.shop\/en\/wp-json\/wp\/v2\/media?parent=47"}],"curies":[{"name":"wp","href":"https:\/\/api.w.org\/{rel}","templated":true}]}}