{"id":45,"date":"2025-11-11T18:18:59","date_gmt":"2025-11-11T18:18:59","guid":{"rendered":"https:\/\/espaciovip.shop\/?page_id=45"},"modified":"2025-12-03T00:12:02","modified_gmt":"2025-12-03T00:12:02","slug":"about-us","status":"publish","type":"page","link":"https:\/\/espaciovip.shop\/en\/nosotros\/","title":{"rendered":"About us"},"content":{"rendered":"<section class=\"bde-section-45-100 bde-section\">\n  \n  \n\t\n\n\n\n<div class=\"section-container\"><div class=\"bde-div-45-101 bde-div\" data-entrance=\"fade\">\n  \n  \n\t\n\n\n\n<h3 class=\"bde-heading-45-102 bde-heading\" data-entrance=\"fade\">\nExperts in bringing out the best in you\n<\/h3><p class=\"bde-text-45-103 bde-text\">\nOur practice combines advanced techniques, aesthetic awareness, and personalized care to deliver natural, long-lasting results.\n<\/p>\n<\/div><div class=\"bde-div-45-104 bde-div\">\n  \n  \n\t\n\n\n\n<img decoding=\"async\" class=\"bde-image2-45-105 bde-image2\" src=\"https:\/\/espaciovip.shop\/wp-content\/uploads\/2025\/11\/IMG_2109.jpeg\" alt=\"dise\u00f1o de cejas y laminado de cejas puerto rico en sal\u00f3n de cejas profesional\" srcset=\"https:\/\/espaciovip.shop\/wp-content\/uploads\/2025\/11\/IMG_2109.jpeg 864w, https:\/\/espaciovip.shop\/wp-content\/uploads\/2025\/11\/IMG_2109-219x300.jpeg 219w, https:\/\/espaciovip.shop\/wp-content\/uploads\/2025\/11\/IMG_2109-747x1024.jpeg 747w, https:\/\/espaciovip.shop\/wp-content\/uploads\/2025\/11\/IMG_2109-768x1052.jpeg 768w, https:\/\/espaciovip.shop\/wp-content\/uploads\/2025\/11\/IMG_2109-9x12.jpeg 9w, https:\/\/espaciovip.shop\/wp-content\/uploads\/2025\/11\/IMG_2109-600x822.jpeg 600w\" sizes=\"(max-width: 864px) 100vw, 864px\">\n<\/div><\/div>\n<\/section><section class=\"bde-section-45-203 bde-section\">\n  \n  \n\t\n\n\n\n<div class=\"section-container\"><h1 class=\"bde-heading-45-204 bde-heading\">\nMicroblading for Sparse Eyebrows &amp; Lash Lift Puerto Rico Experts\n<\/h1><h2 class=\"bde-heading-45-205 bde-heading\">\nSemi Permanent Eyebrows, Brow Lamination Puerto Rico &amp; Beauty Education in Puerto Rico\n<\/h2><\/div>\n<\/section><section class=\"bde-section-45-107 bde-section\">\n  \n  \n\t\n\n\n\n<div class=\"section-container\"><div class=\"bde-div-45-108 bde-div\">\n  \n  \n\t\n\n\n\n<img decoding=\"async\" class=\"bde-image2-45-109 bde-image2\" src=\"https:\/\/espaciovip.shop\/wp-content\/uploads\/2025\/11\/IMG_2106.jpeg\" alt=\"sal\u00f3n de cejas en puerto rico especializado en dise\u00f1o de cejas y micropigmentaci\u00f3n\" loading=\"lazy\" srcset=\"https:\/\/espaciovip.shop\/wp-content\/uploads\/2025\/11\/IMG_2106.jpeg 864w, https:\/\/espaciovip.shop\/wp-content\/uploads\/2025\/11\/IMG_2106-219x300.jpeg 219w, https:\/\/espaciovip.shop\/wp-content\/uploads\/2025\/11\/IMG_2106-747x1024.jpeg 747w, https:\/\/espaciovip.shop\/wp-content\/uploads\/2025\/11\/IMG_2106-768x1052.jpeg 768w, https:\/\/espaciovip.shop\/wp-content\/uploads\/2025\/11\/IMG_2106-9x12.jpeg 9w, https:\/\/espaciovip.shop\/wp-content\/uploads\/2025\/11\/IMG_2106-600x822.jpeg 600w\" sizes=\"(max-width: 864px) 100vw, 864px\" data-entrance=\"fade\">\n<\/div><div class=\"bde-div-45-110 bde-div\" data-entrance=\"fade\">\n  \n  \n\t\n\n\n\n<h4 class=\"bde-heading-45-111 bde-heading\" data-entrance=\"fade\">\nOur mission\n<\/h4><p class=\"bde-text-45-112 bde-text\">\nTo provide conscious beauty experiences that boost every woman's self-esteem and confidence. Our goal is to enhance each client's individual essence through personalized techniques, high-quality products, and an approach that combines aesthetics, well-being, and authenticity.\n<\/p><h4 class=\"bde-heading-45-114 bde-heading\" data-entrance=\"fade\">\nOur vision\n<\/h4><p class=\"bde-text-45-115 bde-text\">\nTo consolidate our position as a benchmark in the beauty industry in Puerto Rico, recognized for excellence, innovation, and approachability. We seek to create a space where every woman feels valued, empowered, and free to express her authenticity.\n<\/p>\n<\/div><\/div>\n<\/section><section class=\"bde-section-45-195 bde-section\">\n  \n  \n\t\n\n\n\n<div class=\"section-container\"><div class=\"bde-div-45-198 bde-div\">\n  \n  \n\t\n\n\n\n<h4 class=\"bde-heading-45-199 bde-heading\">\nMy story\n<\/h4><p class=\"bde-text-45-200 bde-text\">\nMy name is Keishla Marie. <br>Since I was little, I have had a connection with beauty and helping other women look and feel better, and I turned that passion into my profession.<br>Today, as an eyebrow artist and advanced micropigmentation specialist, my goal is to create a safe, professional, and attentive space where every woman can regain her natural glow without filters.<br>I am a perfectionist, careful, and transparent: I like to guide you and offer you real, elegant, and personalized results.<br>My mission is to make you feel seen, cared for, and respected. To leave saying, \u201cThis is me, but better cared for.\u201d <br>Welcome to my world, my space, my art. Thank you for placing your trust in my hands and my heart.\n<\/p>\n<\/div><div class=\"bde-div-45-196 bde-div\">\n  \n  \n\t\n\n\n\n<img decoding=\"async\" class=\"bde-image2-45-197 bde-image2\" src=\"https:\/\/espaciovip.shop\/wp-content\/uploads\/2025\/11\/IMG_2107.jpeg\" alt=\"t\u00e9cnica profesional aplicando dise\u00f1o de cejas y laminado de cejas puerto rico\" loading=\"lazy\" srcset=\"https:\/\/espaciovip.shop\/wp-content\/uploads\/2025\/11\/IMG_2107.jpeg 864w, https:\/\/espaciovip.shop\/wp-content\/uploads\/2025\/11\/IMG_2107-219x300.jpeg 219w, https:\/\/espaciovip.shop\/wp-content\/uploads\/2025\/11\/IMG_2107-747x1024.jpeg 747w, https:\/\/espaciovip.shop\/wp-content\/uploads\/2025\/11\/IMG_2107-768x1052.jpeg 768w, https:\/\/espaciovip.shop\/wp-content\/uploads\/2025\/11\/IMG_2107-9x12.jpeg 9w, https:\/\/espaciovip.shop\/wp-content\/uploads\/2025\/11\/IMG_2107-600x822.jpeg 600w\" sizes=\"(max-width: 864px) 100vw, 864px\" data-entrance=\"fade\">\n<\/div><\/div>\n<\/section><section class=\"bde-section-45-116 bde-section\">\n  \n  \n\t\n\n\n\n<div class=\"section-container\"><div class=\"bde-div-45-117 bde-div\" data-entrance=\"fade\">\n  \n  \n\t\n\n\n\n<h3 class=\"bde-heading-45-119 bde-heading\">\nOur values\n<\/h3>\n<\/div><div class=\"bde-div-45-124 bde-div\">\n  \n  \n\t\n\n\n\n<div class=\"bde-div-45-125 bde-div\" data-entrance=\"slideUp\">\n  \n  \n\t\n\n\n\n<img decoding=\"async\" class=\"bde-image2-45-145 bde-image2\" src=\"https:\/\/espaciovip.shop\/wp-content\/uploads\/2025\/11\/pelo-de-mujer.png\" loading=\"lazy\" srcset=\"https:\/\/espaciovip.shop\/wp-content\/uploads\/2025\/11\/pelo-de-mujer.png 512w, https:\/\/espaciovip.shop\/wp-content\/uploads\/2025\/11\/pelo-de-mujer-300x300.png 300w, https:\/\/espaciovip.shop\/wp-content\/uploads\/2025\/11\/pelo-de-mujer-150x150.png 150w, https:\/\/espaciovip.shop\/wp-content\/uploads\/2025\/11\/pelo-de-mujer-12x12.png 12w\" sizes=\"(max-width: 512px) 100vw, 512px\"><h6 class=\"bde-heading-45-127 bde-heading\">\nConscious beauty\n<\/h6>\n<\/div><div class=\"bde-div-45-170 bde-div\" data-entrance=\"slideUp\">\n  \n  \n\t\n\n\n\n<img decoding=\"async\" class=\"bde-image2-45-171 bde-image2\" src=\"https:\/\/espaciovip.shop\/wp-content\/uploads\/2025\/11\/autenticidad.png\" loading=\"lazy\" srcset=\"https:\/\/espaciovip.shop\/wp-content\/uploads\/2025\/11\/autenticidad.png 512w, https:\/\/espaciovip.shop\/wp-content\/uploads\/2025\/11\/autenticidad-300x300.png 300w, https:\/\/espaciovip.shop\/wp-content\/uploads\/2025\/11\/autenticidad-150x150.png 150w, https:\/\/espaciovip.shop\/wp-content\/uploads\/2025\/11\/autenticidad-12x12.png 12w\" sizes=\"(max-width: 512px) 100vw, 512px\"><h6 class=\"bde-heading-45-172 bde-heading\">\nAuthenticity\n<\/h6>\n<\/div><div class=\"bde-div-45-173 bde-div\" data-entrance=\"slideUp\">\n  \n  \n\t\n\n\n\n<img decoding=\"async\" class=\"bde-image2-45-174 bde-image2\" src=\"https:\/\/espaciovip.shop\/wp-content\/uploads\/2025\/11\/confianza-en-si-mismo.png\" loading=\"lazy\" srcset=\"https:\/\/espaciovip.shop\/wp-content\/uploads\/2025\/11\/confianza-en-si-mismo.png 512w, https:\/\/espaciovip.shop\/wp-content\/uploads\/2025\/11\/confianza-en-si-mismo-300x300.png 300w, https:\/\/espaciovip.shop\/wp-content\/uploads\/2025\/11\/confianza-en-si-mismo-150x150.png 150w, https:\/\/espaciovip.shop\/wp-content\/uploads\/2025\/11\/confianza-en-si-mismo-12x12.png 12w\" sizes=\"(max-width: 512px) 100vw, 512px\"><h6 class=\"bde-heading-45-175 bde-heading\">\nConfidence\n<\/h6>\n<\/div><div class=\"bde-div-45-176 bde-div\" data-entrance=\"slideUp\">\n  \n  \n\t\n\n\n\n<img decoding=\"async\" class=\"bde-image2-45-177 bde-image2\" src=\"https:\/\/espaciovip.shop\/wp-content\/uploads\/2025\/11\/profesionalismo.png\" loading=\"lazy\" srcset=\"https:\/\/espaciovip.shop\/wp-content\/uploads\/2025\/11\/profesionalismo.png 512w, https:\/\/espaciovip.shop\/wp-content\/uploads\/2025\/11\/profesionalismo-300x300.png 300w, https:\/\/espaciovip.shop\/wp-content\/uploads\/2025\/11\/profesionalismo-150x150.png 150w, https:\/\/espaciovip.shop\/wp-content\/uploads\/2025\/11\/profesionalismo-12x12.png 12w\" sizes=\"(max-width: 512px) 100vw, 512px\"><h6 class=\"bde-heading-45-178 bde-heading\">\nProfessionalism\n<\/h6>\n<\/div>\n<\/div><\/div>\n<\/section><section class=\"bde-section-45-182 bde-section\">\n  \n  \n\t\n\n\n\n<div class=\"section-container\"><div class=\"bde-div-45-183 bde-div\">\n  \n  \n\t\n\n\n\n<h3 class=\"bde-heading-45-184 bde-heading\" data-entrance=\"slideLeft\">\nTaking care of yourself is also a way of loving yourself\n<\/h3>\n<\/div><div class=\"bde-div-45-185 bde-div\">\n  \n  \n\t\n\n\n\n<p class=\"bde-text-45-187 bde-text\">\nOur philosophy is based on personalized attention, respect for the essence of each woman, and the constant pursuit of well-being. We don't just beautify, we accompany processes of transformation and self-confidence.\n<\/p>\n<\/div><\/div>\n<\/section><section class=\"bde-section-45-188 bde-section\">\n              \n  \n  \n\t\n\n  <div class=\"section-background-overlay\"><\/div>\n\n\n<div class=\"section-container\"><div class=\"bde-div-45-189 bde-div\" data-entrance=\"fade\">\n  \n  \n\t\n\n\n\n<h3 class=\"bde-heading-45-190 bde-heading\">\nYour transformation begins with a single step\n<\/h3><p class=\"bde-text-45-191 bde-text\">\nTaking care of yourself is a powerful decision. Discover how our products and services can enhance your well-being and confidence.\n<\/p><div class=\"bde-div-45-192 bde-div\">\n  \n  \n\t\n\n\n\n<div class=\"bde-button-45-193 bde-button\">\n        \n    \n    \n    \n    \n            \n                    \n            \n            \n\n    \n    \n    \n    \n    \n    <a class=\"breakdance-link button-atom button-atom--custom bde-button__button\" href=\"https:\/\/booksy.com\/en-us\/844446_espacio-vip-studio_brows-lashes_106809_hatillo?do=invite&_branch_match_id=1500885696254086699&utm_medium=merchant_customer_invite&_branch_referrer=H4sIAAAAAAAAA8soKSkottLXT07J0UvKz88urtRLzs%2FVNzUOiUz2iMoPiUiyrytKTUstKsrMS49PKsovL04tsnXOKMrPTQUAZTTk%2FjwAAAA%3D\" target=\"_blank\" data-type=\"url\"  >\n\n    \n        <span class=\"button-atom__text\">Book now<\/span>\n\n        \n        \n                <\/a>\n\n    \n\n\n<\/div><div class=\"bde-button-45-194 bde-button\">\n        \n    \n    \n    \n    \n            \n                    \n            \n            \n\n    \n    \n    \n    \n    \n    <a class=\"breakdance-link button-atom button-atom--custom bde-button__button\" href=\"https:\/\/espaciovip.shop\/en\/tienda\/\" target=\"_self\" data-type=\"url\"  >\n\n    \n        <span class=\"button-atom__text\">view products<\/span>\n\n        \n        \n                <\/a>\n\n    \n\n\n<\/div>\n<\/div>\n<\/div><\/div>\n<\/section>","protected":false},"excerpt":{"rendered":"<p>Expertas en realzar tu mejor versi\u00f3n Nuestro estudio combina t\u00e9cnica avanzada, est\u00e9tica consciente y un trato personalizado para ofrecer resultados naturales y duraderos. Expertas en Microblading de Cejas y Micropigmentaci\u00f3n en Puerto Rico Equipo Profesional en Dise\u00f1o de Cejas, Laminado y Lifting de Pesta\u00f1as en Puerto Rico Nuestra misi\u00f3n Brindar experiencias de belleza conscientes que [&hellip;]<\/p>\n","protected":false},"author":1,"featured_media":0,"parent":0,"menu_order":0,"comment_status":"closed","ping_status":"closed","template":"","meta":{"_breakdance_hide_in_design_set":false,"_breakdance_tags":"","footnotes":""},"class_list":["post-45","page","type-page","status-publish","hentry"],"yoast_head":"<!-- This site is optimized with the Yoast SEO plugin v27.4 - https:\/\/yoast.com\/product\/yoast-seo-wordpress\/ -->\n<title>Expertas en Microblading de Cejas y Dise\u00f1o de Cejas en Puerto Rico - Espacio VIP Studio<\/title>\n<meta name=\"description\" content=\"Conoce la historia y misi\u00f3n de Espacio VIP Studio, especialistas en microblading cejas, dise\u00f1o de cejas, micropigmentaci\u00f3n, laminado y lifting de pesta\u00f1as en Puerto Rico.\" \/>\n<meta name=\"robots\" content=\"index, follow, max-snippet:-1, max-image-preview:large, max-video-preview:-1\" \/>\n<link rel=\"canonical\" href=\"https:\/\/espaciovip.shop\/en\/about-us\/\" \/>\n<meta property=\"og:locale\" content=\"en_US\" \/>\n<meta property=\"og:type\" content=\"article\" \/>\n<meta property=\"og:title\" content=\"Expertas en Microblading de Cejas y Dise\u00f1o de Cejas en Puerto Rico - Espacio VIP Studio\" \/>\n<meta property=\"og:description\" content=\"Conoce la historia y misi\u00f3n de Espacio VIP Studio, especialistas en microblading cejas, dise\u00f1o de cejas, micropigmentaci\u00f3n, laminado y lifting de pesta\u00f1as en Puerto Rico.\" \/>\n<meta property=\"og:url\" content=\"https:\/\/espaciovip.shop\/en\/about-us\/\" \/>\n<meta property=\"og:site_name\" content=\"Espacio VIP Studio\" \/>\n<meta property=\"article:modified_time\" content=\"2025-12-03T00:12:02+00:00\" \/>\n<meta property=\"og:image\" content=\"https:\/\/espaciovip.shop\/wp-content\/uploads\/2025\/12\/IMG_2109-e1764718765543.jpg\" \/>\n\t<meta property=\"og:image:width\" content=\"864\" \/>\n\t<meta property=\"og:image:height\" content=\"663\" \/>\n\t<meta property=\"og:image:type\" content=\"image\/jpeg\" \/>\n<meta name=\"twitter:card\" content=\"summary_large_image\" \/>\n<meta name=\"twitter:label1\" content=\"Est. reading time\" \/>\n\t<meta name=\"twitter:data1\" content=\"3 minutes\" \/>\n<script type=\"application\/ld+json\" class=\"yoast-schema-graph\">{\"@context\":\"https:\\\/\\\/schema.org\",\"@graph\":[{\"@type\":\"WebPage\",\"@id\":\"https:\\\/\\\/espaciovip.shop\\\/nosotros\\\/\",\"url\":\"https:\\\/\\\/espaciovip.shop\\\/nosotros\\\/\",\"name\":\"Expertas en Microblading de Cejas y Dise\u00f1o de Cejas en Puerto Rico - Espacio VIP Studio\",\"isPartOf\":{\"@id\":\"https:\\\/\\\/espaciovip.shop\\\/#website\"},\"datePublished\":\"2025-11-11T18:18:59+00:00\",\"dateModified\":\"2025-12-03T00:12:02+00:00\",\"description\":\"Conoce la historia y misi\u00f3n de Espacio VIP Studio, especialistas en microblading cejas, dise\u00f1o de cejas, micropigmentaci\u00f3n, laminado y lifting de pesta\u00f1as en Puerto Rico.\",\"breadcrumb\":{\"@id\":\"https:\\\/\\\/espaciovip.shop\\\/nosotros\\\/#breadcrumb\"},\"inLanguage\":\"en-US\",\"potentialAction\":[{\"@type\":\"ReadAction\",\"target\":[\"https:\\\/\\\/espaciovip.shop\\\/nosotros\\\/\"]}]},{\"@type\":\"BreadcrumbList\",\"@id\":\"https:\\\/\\\/espaciovip.shop\\\/nosotros\\\/#breadcrumb\",\"itemListElement\":[{\"@type\":\"ListItem\",\"position\":1,\"name\":\"Inicio\",\"item\":\"https:\\\/\\\/espaciovip.shop\\\/\"},{\"@type\":\"ListItem\",\"position\":2,\"name\":\"Nosotros\"}]},{\"@type\":\"WebSite\",\"@id\":\"https:\\\/\\\/espaciovip.shop\\\/#website\",\"url\":\"https:\\\/\\\/espaciovip.shop\\\/\",\"name\":\"Espacio VIP Studio\",\"description\":\"\",\"potentialAction\":[{\"@type\":\"SearchAction\",\"target\":{\"@type\":\"EntryPoint\",\"urlTemplate\":\"https:\\\/\\\/espaciovip.shop\\\/?s={search_term_string}\"},\"query-input\":{\"@type\":\"PropertyValueSpecification\",\"valueRequired\":true,\"valueName\":\"search_term_string\"}}],\"inLanguage\":\"en-US\"}]}<\/script>\n<!-- \/ Yoast SEO plugin. -->","yoast_head_json":{"title":"Microblading for Sparse Eyebrows &amp; Lash Lift Puerto Rico - Espacio VIP Studio","description":"Specialists in microblading for sparse eyebrows, semi permanent eyebrow techniques, brow lamination Puerto Rico, lash lift Puerto Rico, and lip blush Puerto Rico.","robots":{"index":"index","follow":"follow","max-snippet":"max-snippet:-1","max-image-preview":"max-image-preview:large","max-video-preview":"max-video-preview:-1"},"canonical":"https:\/\/espaciovip.shop\/en\/about-us\/","og_locale":"en_US","og_type":"article","og_title":"Expertas en Microblading de Cejas y Dise\u00f1o de Cejas en Puerto Rico - Espacio VIP Studio","og_description":"Conoce la historia y misi\u00f3n de Espacio VIP Studio, especialistas en microblading cejas, dise\u00f1o de cejas, micropigmentaci\u00f3n, laminado y lifting de pesta\u00f1as en Puerto Rico.","og_url":"https:\/\/espaciovip.shop\/en\/about-us\/","og_site_name":"Espacio VIP Studio","article_modified_time":"2025-12-03T00:12:02+00:00","og_image":[{"width":864,"height":663,"url":"https:\/\/espaciovip.shop\/wp-content\/uploads\/2025\/12\/IMG_2109-e1764718765543.jpg","type":"image\/jpeg"}],"twitter_card":"summary_large_image","twitter_misc":{"Est. reading time":"3 minutes"},"schema":{"@context":"https:\/\/schema.org","@graph":[{"@type":"WebPage","@id":"https:\/\/espaciovip.shop\/nosotros\/","url":"https:\/\/espaciovip.shop\/nosotros\/","name":"Microblading for Sparse Eyebrows &amp; Lash Lift Puerto Rico - Espacio VIP Studio","isPartOf":{"@id":"https:\/\/espaciovip.shop\/#website"},"datePublished":"2025-11-11T18:18:59+00:00","dateModified":"2025-12-03T00:12:02+00:00","description":"Specialists in microblading for sparse eyebrows, semi permanent eyebrow techniques, brow lamination Puerto Rico, lash lift Puerto Rico, and lip blush Puerto Rico.","breadcrumb":{"@id":"https:\/\/espaciovip.shop\/nosotros\/#breadcrumb"},"inLanguage":"en-US","potentialAction":[{"@type":"ReadAction","target":["https:\/\/espaciovip.shop\/nosotros\/"]}]},{"@type":"BreadcrumbList","@id":"https:\/\/espaciovip.shop\/nosotros\/#breadcrumb","itemListElement":[{"@type":"ListItem","position":1,"name":"Inicio","item":"https:\/\/espaciovip.shop\/"},{"@type":"ListItem","position":2,"name":"Nosotros"}]},{"@type":"WebSite","@id":"https:\/\/espaciovip.shop\/#website","url":"https:\/\/espaciovip.shop\/","name":"Espacio VIP Studio","description":"","potentialAction":[{"@type":"SearchAction","target":{"@type":"EntryPoint","urlTemplate":"https:\/\/espaciovip.shop\/?s={search_term_string}"},"query-input":{"@type":"PropertyValueSpecification","valueRequired":true,"valueName":"search_term_string"}}],"inLanguage":"en-US"}]}},"_links":{"self":[{"href":"https:\/\/espaciovip.shop\/en\/wp-json\/wp\/v2\/pages\/45","targetHints":{"allow":["GET"]}}],"collection":[{"href":"https:\/\/espaciovip.shop\/en\/wp-json\/wp\/v2\/pages"}],"about":[{"href":"https:\/\/espaciovip.shop\/en\/wp-json\/wp\/v2\/types\/page"}],"author":[{"embeddable":true,"href":"https:\/\/espaciovip.shop\/en\/wp-json\/wp\/v2\/users\/1"}],"replies":[{"embeddable":true,"href":"https:\/\/espaciovip.shop\/en\/wp-json\/wp\/v2\/comments?post=45"}],"version-history":[{"count":70,"href":"https:\/\/espaciovip.shop\/en\/wp-json\/wp\/v2\/pages\/45\/revisions"}],"predecessor-version":[{"id":689,"href":"https:\/\/espaciovip.shop\/en\/wp-json\/wp\/v2\/pages\/45\/revisions\/689"}],"wp:attachment":[{"href":"https:\/\/espaciovip.shop\/en\/wp-json\/wp\/v2\/media?parent=45"}],"curies":[{"name":"wp","href":"https:\/\/api.w.org\/{rel}","templated":true}]}}